{"id":198,"date":"2017-04-25T13:34:07","date_gmt":"2017-04-25T13:34:07","guid":{"rendered":"http:\/\/engage.veented.com\/fitness\/?page_id=198"},"modified":"2022-07-01T13:57:35","modified_gmt":"2022-07-01T20:57:35","slug":"servicios","status":"publish","type":"page","link":"https:\/\/barredesperalta.com\/index.php\/servicios\/","title":{"rendered":"Servicios"},"content":{"rendered":"<p>[vc_row equal_height=&#8221;yes&#8221; content_placement=&#8221;middle&#8221; bg_color_pre=&#8221;bg-color-1&#8243; css=&#8221;.vc_custom_1502285964464{padding-top: 90px !important;padding-bottom: 90px !important;}&#8221;][vc_column width=&#8221;1\/2&#8243; col_padding=&#8221;2&#8243; col_padding_side=&#8221;right&#8221;][vc_single_image image=&#8221;791051&#8243; img_size=&#8221;800&#215;700&#8243; css_animation=&#8221;none&#8221; frame=&#8221;&#8221; css=&#8221;.vc_custom_1608048918843{margin-bottom: 0px !important;}&#8221;][\/vc_column][vc_column width=&#8221;1\/2&#8243; col_padding=&#8221;2&#8243; col_padding_side=&#8221;left&#8221;][vc_custom_heading text=&#8221;SERVICIOS&#8221; font_container=&#8221;tag:h1|text_align:left|color:%2305354f&#8221; google_fonts=&#8221;font_family:Vidaloka%3Aregular|font_style:400%20regular%3A400%3Anormal&#8221;][vc_single_image image=&#8221;791267&#8243; img_size=&#8221;thumbnail&#8221;][vc_column_text]<strong>BARREDES PERALTA DEFENSA FISCAL es una firma que brinda servicios profesionales especializados en materia fiscal y administrativa. Nuestra experticia en dichas ramas del derecho nos permite satisfacer las pretensiones de nuestros clientes nacionales y extranjeros.<\/strong>[\/vc_column_text][\/vc_column][\/vc_row][vc_row css=&#8221;.vc_custom_1510573871872{padding-top: 40px !important;padding-bottom: 10px !important;}&#8221;][vc_column][vc_row_inner css=&#8221;.vc_custom_1510573856638{padding-bottom: 60px !important;}&#8221;][vc_column_inner width=&#8221;1\/3&#8243; css=&#8221;.vc_custom_1510573743642{padding-right: 25px !important;}&#8221;][vc_single_image image=&#8221;791252&#8243; img_size=&#8221;80&#215;80&#8243;][vc_custom_heading text=&#8221;FISCAL&#8221; font_container=&#8221;tag:h2|text_align:left|color:%2305354f&#8221; google_fonts=&#8221;font_family:Vidaloka%3Aregular|font_style:400%20regular%3A400%3Anormal&#8221;][vc_column_text]Realizamos un an\u00e1lisis profundo de la situaci\u00f3n Legal-Fiscal del cliente y en base a ello, se optimiza el cumplimiento de sus obligaciones fiscales&#8230;<\/p>\n<p><a href=\"http:\/\/barredesperalta.com\/index.php\/fiscal\/\"><strong>Leer Mas<\/strong><\/a>[\/vc_column_text][\/vc_column_inner][vc_column_inner width=&#8221;1\/3&#8243; css=&#8221;.vc_custom_1510573736062{padding-right: 20px !important;padding-left: 20px !important;}&#8221;][vc_single_image image=&#8221;791253&#8243; img_size=&#8221;80&#215;80&#8243;][vc_custom_heading text=&#8221;SEGURIDAD SOCIAL&#8221; font_container=&#8221;tag:h2|text_align:left|color:%2305354f&#8221; google_fonts=&#8221;font_family:Vidaloka%3Aregular|font_style:400%20regular%3A400%3Anormal&#8221;][vc_column_text]Ofrecemos asesor\u00eda y defensa a las empresas en materia de seguridad social, espec\u00edficamente contra resoluciones, procedimientos o cualquier otro acto, que causen agravios en dicha materia&#8230;<\/p>\n<p><a href=\"http:\/\/barredesperalta.com\/index.php\/seguridad-social\/\"><strong>Leer Mas<\/strong><\/a>[\/vc_column_text][\/vc_column_inner][vc_column_inner width=&#8221;1\/3&#8243; css=&#8221;.vc_custom_1510573750269{padding-left: 25px !important;}&#8221;][vc_single_image image=&#8221;791254&#8243; img_size=&#8221;80&#215;80&#8243;][vc_custom_heading text=&#8221;ADMINISTRATIVO&#8221; font_container=&#8221;tag:h2|text_align:left|color:%2305354f&#8221; google_fonts=&#8221;font_family:Vidaloka%3Aregular|font_style:400%20regular%3A400%3Anormal&#8221;][vc_column_text]Proporcionamos asesor\u00eda, defensa y representaci\u00f3n jur\u00eddica, ante resoluciones, procedimientos y actos diversos emitidos por autoridades gubernamentales, que lesionen los derechos garantizados&#8230;<\/p>\n<p><a href=\"http:\/\/barredesperalta.com\/index.php\/administrativo\/\"><strong>Leer Mas<\/strong><\/a>[\/vc_column_text][\/vc_column_inner][\/vc_row_inner][\/vc_column][\/vc_row]<\/p>\n","protected":false},"excerpt":{"rendered":"<p>[vc_row equal_height=&#8221;yes&#8221; content_placement=&#8221;middle&#8221; bg_color_pre=&#8221;bg-color-1&#8243; css=&#8221;.vc_custom_1502285964464{padding-top: 90px !important;padding-bottom: 90px !important;}&#8221;][vc_column width=&#8221;1\/2&#8243; col_padding=&#8221;2&#8243; col_padding_side=&#8221;right&#8221;][vc_single_image image=&#8221;791051&#8243; img_size=&#8221;800&#215;700&#8243; css_animation=&#8221;none&#8221; frame=&#8221;&#8221; css=&#8221;.vc_custom_1608048918843{margin-bottom: 0px !important;}&#8221;][\/vc_column][vc_column width=&#8221;1\/2&#8243; col_padding=&#8221;2&#8243; col_padding_side=&#8221;left&#8221;][vc_custom_heading text=&#8221;SERVICIOS&#8221; font_container=&#8221;tag:h1|text_align:left|color:%2305354f&#8221; google_fonts=&#8221;font_family:Vidaloka%3Aregular|font_style:400%20regular%3A400%3Anormal&#8221;][vc_single_image image=&#8221;791267&#8243; img_size=&#8221;thumbnail&#8221;][vc_column_text]BARREDES PERALTA DEFENSA FISCAL es una firma que brinda servicios profesionales especializados en materia fiscal y administrativa. Nuestra experticia en dichas ramas del derecho [&hellip;]<\/p>\n","protected":false},"author":1,"featured_media":0,"parent":0,"menu_order":0,"comment_status":"closed","ping_status":"closed","template":"","meta":{"footnotes":""},"class_list":["post-198","page","type-page","status-publish","hentry"],"_links":{"self":[{"href":"https:\/\/barredesperalta.com\/index.php\/wp-json\/wp\/v2\/pages\/198","targetHints":{"allow":["GET"]}}],"collection":[{"href":"https:\/\/barredesperalta.com\/index.php\/wp-json\/wp\/v2\/pages"}],"about":[{"href":"https:\/\/barredesperalta.com\/index.php\/wp-json\/wp\/v2\/types\/page"}],"author":[{"embeddable":true,"href":"https:\/\/barredesperalta.com\/index.php\/wp-json\/wp\/v2\/users\/1"}],"replies":[{"embeddable":true,"href":"https:\/\/barredesperalta.com\/index.php\/wp-json\/wp\/v2\/comments?post=198"}],"version-history":[{"count":10,"href":"https:\/\/barredesperalta.com\/index.php\/wp-json\/wp\/v2\/pages\/198\/revisions"}],"predecessor-version":[{"id":791314,"href":"https:\/\/barredesperalta.com\/index.php\/wp-json\/wp\/v2\/pages\/198\/revisions\/791314"}],"wp:attachment":[{"href":"https:\/\/barredesperalta.com\/index.php\/wp-json\/wp\/v2\/media?parent=198"}],"curies":[{"name":"wp","href":"https:\/\/api.w.org\/{rel}","templated":true}]}}