{"id":790916,"date":"2017-08-09T12:03:07","date_gmt":"2017-08-09T12:03:07","guid":{"rendered":"http:\/\/engage.veented.com\/agency\/?page_id=916"},"modified":"2022-07-05T11:09:21","modified_gmt":"2022-07-05T18:09:21","slug":"inicio","status":"publish","type":"page","link":"https:\/\/barredesperalta.com\/","title":{"rendered":"Inicio"},"content":{"rendered":"<p>[vc_row][vc_column][vc_column_text]<div id=\"hero-section-9973\" class=\"vntd-hero vntd-section hero-section hero-media-images arrow-nav-side color-scheme-white fullscreen-section fullwidth-section hero-parallax\"><div class=\"hero-container\" data-0=\"transform: translateY(0px);\" data-end=\"transform: translateY(-360px);\">\t\n\t\t<div class=\"hero-bg hero-bg-image\" style=\"background-image:url('https:\/\/barredesperalta.com\/wp-content\/uploads\/2020\/12\/sld-2-2.png');\"><img decoding=\"async\" class=\"vntd-fake-image\" src=\"https:\/\/barredesperalta.com\/wp-content\/uploads\/2020\/12\/sld-2-2.png\"><\/div>\n\t\t<!-- Home Inner Details -->\n\t\t<div class=\"hero-inner hero-align-center container\" data-0=\"opacity:1;transform:translateY(0px);\" data--900-bottom=\"opacity:0;transform:translateY(-140px);\">\n\t\t\n\t\t\t\t\t\n\t\t\t<div class=\"hero-content vertical-align-middle\"><div class=\"hero-content-inner\">\n\n\t\t\t\t\t\t\t<h1 class=\"hero-heading fs82px\"style=\"font-family:'Domine';font-weight:400;\">SOLUCIONES LEGALES A TUS PROBLEMAS FISCALES<\/h1>\t\t\n\t\t\t\t<div class=\"hero-buttons\"><a href=\"http:\/\/barredesperalta.com\/index.php\/servicios\/\" title=\"Servicios\" class=\"btn hero-btn hero-btn1 btn-white btn-outline btn-hover-white\">LEER M\u00c1S<\/a><\/div>\t\t\t\n\t\t\t<\/div><\/div>\n\t\t\t\n\t\t<\/div>\n\t\t\n\t\t<!-- End Content -->\n\t\t\n\t\t<\/div><\/div>[\/vc_column_text][\/vc_column][\/vc_row][vc_row css=&#8221;.vc_custom_1493725830541{padding-top: 85px !important;padding-bottom: 45px !important;}&#8221;][vc_column width=&#8221;1\/3&#8243;][vc_single_image image=&#8221;791254&#8243; img_size=&#8221;112&#215;112&#8243; alignment=&#8221;center&#8221;][vc_column_text font_family=&#8221;additional&#8221;]<\/p>\n<p style=\"text-align: center;\"><strong>ASESOR\u00cdA<\/strong><\/p>\n<p>[\/vc_column_text][vc_column_text el_class=&#8221;ul { text-align: justify; text-justify: inter-word; }&#8221; el_id=&#8221;fuente_afterglow&#8221;]<\/p>\n<ul>\n<li>An\u00e1lisis de la situaci\u00f3n Legal-Fiscal del contribuyente, ya sea persona f\u00edsica o moral.<\/li>\n<li>Consultor\u00eda en la atenci\u00f3n de diversos actos emitidos por autoridades fiscales y aduaneras.<\/li>\n<li>Elaboraci\u00f3n de escritos libres dirigidos a las autoridades fiscales para atender sus solicitudes y\/o requerimientos.<\/li>\n<li>Elaboraci\u00f3n de contratos cuidando sus efectos fiscales.<\/li>\n<li>Ley Federal para la Prevenci\u00f3n e Identificaci\u00f3n de Operaciones con Recursos de Procedencia Il\u00edcita (Ley Antilavado).<\/li>\n<li>Consultor\u00eda para la regularizaci\u00f3n fiscal.<\/li>\n<li>Entre otros.<\/li>\n<\/ul>\n<p>[\/vc_column_text][\/vc_column][vc_column width=&#8221;1\/3&#8243;][vc_single_image image=&#8221;791245&#8243; img_size=&#8221;112&#215;112&#8243; alignment=&#8221;center&#8221;][vc_column_text]<\/p>\n<p style=\"text-align: center;\"><strong>GESTOR\u00cdA<\/strong><\/p>\n<p>[\/vc_column_text][vc_column_text el_class=&#8221;ul { text-align: justify; text-justify: inter-word; }&#8221;]<\/p>\n<ul>\n<li>Tr\u00e1mite de solicitud de devoluci\u00f3n: te ayudamos a recuperar tu saldo a favor (IVA e ISR).<\/li>\n<li>Registro en el Padr\u00f3n de Importadores del SAT.<\/li>\n<li>Tr\u00e1mite para solicitar la autorizaci\u00f3n para recibir donativos deducibles del impuesto sobre la renta (Donatarias Autorizadas).<\/li>\n<li>Entre otros tr\u00e1mites ante las autoridades fiscales.<\/li>\n<\/ul>\n<p>[\/vc_column_text][\/vc_column][vc_column width=&#8221;1\/3&#8243;][vc_single_image image=&#8221;791254&#8243; img_size=&#8221;112&#215;112&#8243; alignment=&#8221;center&#8221;][vc_column_text]<\/p>\n<p style=\"text-align: center;\"><strong>DEFENSA FISCAL<\/strong><\/p>\n<p>[\/vc_column_text][vc_column_text]<\/p>\n<ul>\n<li>Brindamos el servicio de representaci\u00f3n legal y defensa en contra de resoluciones, embargos y actos diversos, emitidos por autoridades fiscales, tanto locales como federales, como son: SAT, IMSS, INFONAVIT, CEVCE, CONAGUA, entre otras.<\/li>\n<li>Litigio Fiscal: Recurso de Revocaci\u00f3n, Juicio de Nulidad y Juicios de Amparo.<\/li>\n<\/ul>\n<p>[\/vc_column_text][\/vc_column][\/vc_row][vc_row full_width=&#8221;stretch_row&#8221; bg_color_pre=&#8221;bg-color-accent&#8221; css=&#8221;.vc_custom_1611355216374{background-color: #004283 !important;}&#8221;][vc_column][vc_custom_heading text=&#8221;SERVICIOS&#8221; font_container=&#8221;tag:h1|text_align:center|color:%23f2f2f2&#8243; google_fonts=&#8221;font_family:Vidaloka%3Aregular|font_style:400%20regular%3A400%3Anormal&#8221;][vc_separator color=&#8221;white&#8221; border_width=&#8221;5&#8243; el_width=&#8221;20&#8243; css=&#8221;.vc_custom_1608385601701{margin-top: -10px !important;}&#8221;][vc_custom_heading text=&#8221;NUESTRAS \u00c1REAS DE PR\u00c1CTICA&#8221; font_container=&#8221;tag:p|text_align:center|color:%23f4f4f4&#8243; google_fonts=&#8221;font_family:Vidaloka%3Aregular|font_style:400%20regular%3A400%3Anormal&#8221;][\/vc_column][vc_column width=&#8221;1\/3&#8243;][vc_single_image image=&#8221;791070&#8243;][\/vc_column][vc_column width=&#8221;1\/3&#8243;][vc_single_image image=&#8221;791068&#8243;][\/vc_column][vc_column width=&#8221;1\/3&#8243;][vc_single_image image=&#8221;791069&#8243;][\/vc_column][vc_column][vc_btn title=&#8221;VER TODO&#8221; color=&#8221;white&#8221; align=&#8221;center&#8221; link=&#8221;url:http%3A%2F%2Fbarredesperalta.com%2Findex.php%2Fservicios%2F|title:Servicios&#8221;][\/vc_column][\/vc_row][vc_row][vc_column][vc_custom_heading text=&#8221;\u00bfPOR QU\u00c9 ELEGIRNOS?&#8221; font_container=&#8221;tag:h1|text_align:center&#8221; google_fonts=&#8221;font_family:Vidaloka%3Aregular|font_style:400%20regular%3A400%3Anormal&#8221;][vc_separator color=&#8221;custom&#8221; border_width=&#8221;5&#8243; el_width=&#8221;20&#8243; accent_color=&#8221;#dcba75&#8243;][vc_column_text]<\/p>\n<ul>\n<li>\n<h5>Por los resultados favorables obtenidos a lo largo de nuestra trayectoria dentro del litigio fiscal.<\/h5>\n<\/li>\n<li>\n<h5>Aportamos nuestra experiencia y conocimiento especializado a las empresas para la prevenci\u00f3n de contingencias.<\/h5>\n<\/li>\n<li>\n<h5>Nuestra forma de trabajo se adapta a la particularidad de cada cliente.<\/h5>\n<\/li>\n<li>\n<h5>Contamos con honorarios flexibles.<\/h5>\n<\/li>\n<li>\n<h5>Trato c\u00e1lido, profesional y respetuoso.<\/h5>\n<\/li>\n<li>\n<h5>Por nuestra constante capacitaci\u00f3n y actualizaci\u00f3n en materia fiscal.<\/h5>\n<\/li>\n<\/ul>\n<p>[\/vc_column_text][\/vc_column][\/vc_row][vc_row bg_color_pre=&#8221;bg-color-1&#8243;][vc_column][vc_column_text]<div id=\"hero-section-4976\" class=\"vntd-hero vntd-section hero-section hero-media-images arrow-nav-side color-scheme-white fullscreen-section fullwidth-section\"><div class=\"hero-container\">\t\n\t\t<div class=\"hero-bg hero-bg-image\" style=\"background-image:url('https:\/\/barredesperalta.com\/wp-content\/uploads\/2020\/12\/banner-2.png');\"><img decoding=\"async\" class=\"vntd-fake-image\" src=\"https:\/\/barredesperalta.com\/wp-content\/uploads\/2020\/12\/banner-2.png\"><\/div>\n\t\t<!-- Home Inner Details -->\n\t\t<div class=\"hero-inner hero-align-center container\">\n\t\t\n\t\t\t\t\t\n\t\t\t<div class=\"hero-content vertical-align-middle\"><div class=\"hero-content-inner\">\n\n\t\t\t\t\t\t\t<h1 class=\"hero-heading fs90px\"style=\"font-family:'Vidaloka';font-weight:400;\">DEFENSA Y REPRESENTACI\u00d3N LEGAL EN MATERIA FISCAL<\/h1>\t\t\n\t\t\t\t<div class=\"hero-buttons\"><a href=\"http:\/\/barredesperalta.com\/index.php\/contacto\/\" title=\"Contacto\" class=\"btn hero-btn hero-btn1 btn-white btn-outline btn-hover-white\">CONT\u00c1CTANOS<\/a><\/div>\t\t\t\n\t\t\t<\/div><\/div>\n\t\t\t\n\t\t<\/div>\n\t\t\n\t\t<!-- End Content -->\n\t\t\n\t\t<\/div><\/div>[\/vc_column_text][\/vc_column][\/vc_row][vc_row][vc_column][\/vc_column][\/vc_row]<\/p>\n","protected":false},"excerpt":{"rendered":"<p>[vc_row][vc_column][vc_column_text][\/vc_column_text][\/vc_column][\/vc_row][vc_row css=&#8221;.vc_custom_1493725830541{padding-top: 85px !important;padding-bottom: 45px !important;}&#8221;][vc_column width=&#8221;1\/3&#8243;][vc_single_image image=&#8221;791254&#8243; img_size=&#8221;112&#215;112&#8243; alignment=&#8221;center&#8221;][vc_column_text font_family=&#8221;additional&#8221;] ASESOR\u00cdA [\/vc_column_text][vc_column_text el_class=&#8221;ul { text-align: justify; text-justify: inter-word; }&#8221; el_id=&#8221;fuente_afterglow&#8221;] An\u00e1lisis de la situaci\u00f3n Legal-Fiscal del contribuyente, ya sea persona f\u00edsica o moral. Consultor\u00eda en la atenci\u00f3n de diversos actos emitidos por autoridades fiscales y aduaneras. Elaboraci\u00f3n de escritos [&hellip;]<\/p>\n","protected":false},"author":1,"featured_media":0,"parent":0,"menu_order":0,"comment_status":"closed","ping_status":"closed","template":"","meta":{"footnotes":""},"class_list":["post-790916","page","type-page","status-publish","hentry"],"_links":{"self":[{"href":"https:\/\/barredesperalta.com\/index.php\/wp-json\/wp\/v2\/pages\/790916","targetHints":{"allow":["GET"]}}],"collection":[{"href":"https:\/\/barredesperalta.com\/index.php\/wp-json\/wp\/v2\/pages"}],"about":[{"href":"https:\/\/barredesperalta.com\/index.php\/wp-json\/wp\/v2\/types\/page"}],"author":[{"embeddable":true,"href":"https:\/\/barredesperalta.com\/index.php\/wp-json\/wp\/v2\/users\/1"}],"replies":[{"embeddable":true,"href":"https:\/\/barredesperalta.com\/index.php\/wp-json\/wp\/v2\/comments?post=790916"}],"version-history":[{"count":126,"href":"https:\/\/barredesperalta.com\/index.php\/wp-json\/wp\/v2\/pages\/790916\/revisions"}],"predecessor-version":[{"id":791335,"href":"https:\/\/barredesperalta.com\/index.php\/wp-json\/wp\/v2\/pages\/790916\/revisions\/791335"}],"wp:attachment":[{"href":"https:\/\/barredesperalta.com\/index.php\/wp-json\/wp\/v2\/media?parent=790916"}],"curies":[{"name":"wp","href":"https:\/\/api.w.org\/{rel}","templated":true}]}}