{"id":791054,"date":"2020-12-15T20:43:29","date_gmt":"2020-12-15T20:43:29","guid":{"rendered":"http:\/\/barredesperalta.com\/?page_id=791054"},"modified":"2020-12-29T17:44:43","modified_gmt":"2020-12-29T17:44:43","slug":"fiscal","status":"publish","type":"page","link":"https:\/\/barredesperalta.com\/index.php\/fiscal\/","title":{"rendered":"Fiscal"},"content":{"rendered":"<p>[vc_row][vc_column width=&#8221;1\/2&#8243;][vc_single_image image=&#8221;791114&#8243;][\/vc_column][vc_column width=&#8221;1\/2&#8243;][vc_custom_heading text=&#8221;FISCAL&#8221; font_container=&#8221;tag:h1|text_align:left|color:%2305354f&#8221; use_theme_fonts=&#8221;yes&#8221;][vc_separator color=&#8221;custom&#8221; align=&#8221;align_left&#8221; border_width=&#8221;5&#8243; el_width=&#8221;20&#8243; accent_color=&#8221;#dcba75&#8243; css=&#8221;.vc_custom_1608384754686{margin-top: -10px !important;}&#8221;][vc_column_text]<strong>Realizamos un an\u00e1lisis profundo de la situaci\u00f3n Legal-Fiscal del cliente y en base a ello, se optimiza el cumplimiento de sus obligaciones fiscales correspondientes a su actividad econ\u00f3mica. Por consiguiente, nuestros clientes obtienen resultados satisfactorios, dando correcto cumpliendo a lo establecido por la legislaci\u00f3n fiscal vigente. De igual forma, representamos legalmente y defendemos a personas f\u00edsicas y personas morales contra resoluciones, procedimientos o cualquier otro acto, emitidos por autoridades fiscales, a trav\u00e9s de los medios de defensa conducentes, como son: El Recurso de Revocaci\u00f3n ante el Servicio de Administraci\u00f3n Tributaria, Juicio de Nulidad ante el Tribunal Federal de Justicia Administrativa, as\u00ed como Tribunales de lo Contencioso Administrativo Locales y Juicios de Amparo ante las distintas instancias del Poder Judicial de la Federaci\u00f3n.<\/strong>[\/vc_column_text][\/vc_column][\/vc_row][vc_row][vc_column][vc_custom_heading text=&#8221;POR LO QUE BRINDAMOS LOS SIGUIENTES SERVICIOS:&#8221; font_container=&#8221;tag:h3|text_align:left|color:%2305354f&#8221; use_theme_fonts=&#8221;yes&#8221;][vc_separator color=&#8221;custom&#8221; align=&#8221;align_left&#8221; border_width=&#8221;5&#8243; el_width=&#8221;20&#8243; accent_color=&#8221;#dcba75&#8243; css=&#8221;.vc_custom_1608384735207{margin-top: -20px !important;}&#8221;][\/vc_column][\/vc_row][vc_row][vc_column width=&#8221;1\/2&#8243;][vc_column_text]<\/p>\n<ul>\n<li>TRAMITACI\u00d3N DE SOLICITUDES DE DEVOLUCI\u00d3N DE IMPUESTOS (IVA E ISR).<\/li>\n<li>AUDITOR\u00cdA FISCAL: VISITA DOMICILIARIA, REVISI\u00d3N DE GABINETE O REVISI\u00d3N ELECTR\u00d3NICA.<\/li>\n<li>AUDITOR\u00cdA DE COMERCIO EXTERIOR.<\/li>\n<li>CANCELACI\u00d3N DEL CERTIFICADO DE SELLO DIGITAL.<\/li>\n<li>CARTAS INVITACI\u00d3N EMITIDAS POR LAS ADMINISTRACIONES DESCONCENTRADAS DE AUDITOR\u00cdA FISCAL Y\/O RECAUDACI\u00d3N DEL SERVICIO DE ADMINISTRACI\u00d3N TRIBUTARIA.<\/li>\n<li>ACTOS DICTADOS DENTRO DEL PROCEDIMIENTO ADMINISTRATIVO EN MATERIA ADUANERA (PAMA).<\/li>\n<li>PRESUNCI\u00d3N DE OPERACIONES INEXISTENTES: ART\u00cdCULO 69B DEL C\u00d3DIGO FISCAL DE LA FEDERACI\u00d3N.<\/li>\n<li>ACTOS DICTADOS DENTRO DEL PROCEDIMIENTO ADMINISTRATIVO DE EJECUCI\u00d3N (PAE).<\/li>\n<\/ul>\n<p>[\/vc_column_text][\/vc_column][vc_column width=&#8221;1\/2&#8243;][vc_column_text]<\/p>\n<ul>\n<li>RESOLUCIONES QUE DETERMINEN CR\u00c9DITOS FISCALES.<\/li>\n<li>ACUERDOS CONCLUSIVOS ANTE LA PRODECON.<\/li>\n<li>APLICACI\u00d3N DE ESTIMULOS FISCALES Y FACILIDADES ADMINISTRATIVAS.<\/li>\n<li>LIQUIDACIONES.<\/li>\n<li>INMOVILIZACI\u00d3N DE CUENTAS BANCARIAS.<\/li>\n<li>SUSCRIPCI\u00d3N DE CONVENIOS DE PAGOS EN PARCIALIDADES.<\/li>\n<li>REPRESENTACI\u00d3N LEGAL EN GENERAL.<\/li>\n<li>INTERPOSICI\u00d3N DE MEDIOS DE DEFENSA: RECURSOS DE REVOCACI\u00d3N, JUICIO DE NULIDAD Y JUICIOS DE AMPARO.<\/li>\n<li>ATENCI\u00d3N DE REQUERIMIENTOS DE INFORMACI\u00d3N Y DOCUMENTACI\u00d3N, CUMPLIMIENTO DE OBLIGACIONES FISCALES, ENTRE OTROS.<\/li>\n<li>GESTI\u00d3N DE TR\u00c1MITES Y AUTORIZACIONES FISCALES.<\/li>\n<li>ACTOS DIVERSOS QUE CAUSEN AGRAVIO EN MATERIA FISCAL.<\/li>\n<\/ul>\n<p>[\/vc_column_text][\/vc_column][\/vc_row]<\/p>\n","protected":false},"excerpt":{"rendered":"<p>[vc_row][vc_column width=&#8221;1\/2&#8243;][vc_single_image image=&#8221;791114&#8243;][\/vc_column][vc_column width=&#8221;1\/2&#8243;][vc_custom_heading text=&#8221;FISCAL&#8221; font_container=&#8221;tag:h1|text_align:left|color:%2305354f&#8221; use_theme_fonts=&#8221;yes&#8221;][vc_separator color=&#8221;custom&#8221; align=&#8221;align_left&#8221; border_width=&#8221;5&#8243; el_width=&#8221;20&#8243; accent_color=&#8221;#dcba75&#8243; css=&#8221;.vc_custom_1608384754686{margin-top: -10px !important;}&#8221;][vc_column_text]Realizamos un an\u00e1lisis profundo de la situaci\u00f3n Legal-Fiscal del cliente y en base a ello, se optimiza el cumplimiento de sus obligaciones fiscales correspondientes a su actividad econ\u00f3mica. Por consiguiente, nuestros clientes obtienen resultados satisfactorios, dando [&hellip;]<\/p>\n","protected":false},"author":1,"featured_media":0,"parent":0,"menu_order":0,"comment_status":"closed","ping_status":"closed","template":"","meta":{"footnotes":""},"class_list":["post-791054","page","type-page","status-publish","hentry"],"_links":{"self":[{"href":"https:\/\/barredesperalta.com\/index.php\/wp-json\/wp\/v2\/pages\/791054","targetHints":{"allow":["GET"]}}],"collection":[{"href":"https:\/\/barredesperalta.com\/index.php\/wp-json\/wp\/v2\/pages"}],"about":[{"href":"https:\/\/barredesperalta.com\/index.php\/wp-json\/wp\/v2\/types\/page"}],"author":[{"embeddable":true,"href":"https:\/\/barredesperalta.com\/index.php\/wp-json\/wp\/v2\/users\/1"}],"replies":[{"embeddable":true,"href":"https:\/\/barredesperalta.com\/index.php\/wp-json\/wp\/v2\/comments?post=791054"}],"version-history":[{"count":4,"href":"https:\/\/barredesperalta.com\/index.php\/wp-json\/wp\/v2\/pages\/791054\/revisions"}],"predecessor-version":[{"id":791150,"href":"https:\/\/barredesperalta.com\/index.php\/wp-json\/wp\/v2\/pages\/791054\/revisions\/791150"}],"wp:attachment":[{"href":"https:\/\/barredesperalta.com\/index.php\/wp-json\/wp\/v2\/media?parent=791054"}],"curies":[{"name":"wp","href":"https:\/\/api.w.org\/{rel}","templated":true}]}}