{"id":791056,"date":"2020-12-15T20:43:51","date_gmt":"2020-12-15T20:43:51","guid":{"rendered":"http:\/\/barredesperalta.com\/?page_id=791056"},"modified":"2020-12-19T13:31:27","modified_gmt":"2020-12-19T13:31:27","slug":"seguridad-social","status":"publish","type":"page","link":"https:\/\/barredesperalta.com\/index.php\/seguridad-social\/","title":{"rendered":"Seguridad Social"},"content":{"rendered":"<p>[vc_row][vc_column width=&#8221;1\/2&#8243;][vc_single_image image=&#8221;791117&#8243;][\/vc_column][vc_column width=&#8221;1\/2&#8243;][vc_custom_heading text=&#8221;SEGURIDAD SOCIAL&#8221; font_container=&#8221;tag:h1|text_align:left|color:%2305354f&#8221; use_theme_fonts=&#8221;yes&#8221;][vc_separator color=&#8221;custom&#8221; align=&#8221;align_left&#8221; border_width=&#8221;5&#8243; el_width=&#8221;60&#8243; accent_color=&#8221;#dcba75&#8243; css=&#8221;.vc_custom_1608384353382{margin-top: -10px !important;}&#8221;][vc_column_text]<strong>Ofrecemos asesor\u00eda y defensa a las empresas en materia de seguridad social, espec\u00edficamente contra resoluciones, procedimientos o cualquier otro acto, que causen agravios en dicha materia, emitidas por el Instituto Mexicano del Seguro Social (IMSS) y el Instituto del Fondo Nacional de la Vivienda para los Trabajadores (INFONAVIT). <\/strong>[\/vc_column_text][\/vc_column][\/vc_row][vc_row][vc_column][vc_custom_heading text=&#8221;NUESTROS PRINCIPALES SERVICIOS SON:&#8221; font_container=&#8221;tag:h3|text_align:left|color:%2305354f&#8221; use_theme_fonts=&#8221;yes&#8221;][vc_separator color=&#8221;custom&#8221; align=&#8221;align_left&#8221; border_width=&#8221;5&#8243; el_width=&#8221;20&#8243; accent_color=&#8221;#dcba75&#8243; css=&#8221;.vc_custom_1608384251143{margin-top: -20px !important;}&#8221;][\/vc_column][\/vc_row][vc_row][vc_column width=&#8221;1\/2&#8243;][vc_column_text]<\/p>\n<ul>\n<li>ASESOR\u00cdA PARA LA REGULARIZACI\u00d3N EN EL CUMPLIMIENTO DE OBLIGACIONES PATRONALES.<\/li>\n<li>GESTI\u00d3N DE TR\u00c1MITES ANTE IMSS E INFONAVIT.<\/li>\n<li>APERTURA DE REGISTROS PATRONAL, CLASIFICACI\u00d3N O RECLASIFICACI\u00d3N DE ACTIVIDADES DE LAS EMPRESAS, CANCELACI\u00d3N Y CIERRES DE REGISTROS PATRONALES.<\/li>\n<li>TRAMITACI\u00d3N DE SOLICITUDES DE DEVOLUCI\u00d3N.<\/li>\n<li>ELABORACI\u00d3N Y REVISI\u00d3N DE CONTRATOS DE TERCERIZACI\u00d3N DE SERVICIOS DE PERSONAL Y \u201cOUTSOURCING\u201d PARA EL CORRECTO CUMPLIMIENTO DE LA LEGISLACI\u00d3N Y NORMATIVIDAD EN MATERIA DE SEGURIDAD SOCIAL.<\/li>\n<li>ALTAS Y BAJAS DE TRABAJADORES.<\/li>\n<li>ACTOS DIVERSOS EN RELACI\u00d3N A LA FIRMA DIGITAL.<\/li>\n<li>MOVIMIENTOS AFILIATORIOS DE TRABAJADORES DE CAMPO.<\/li>\n<li>REVISI\u00d3N DE CR\u00c9DITOS MOROSOS.<\/li>\n<li>PRESCRIPCI\u00d3N DE CR\u00c9DITOS FISCALES QUE SE UBIQUEN EN EL SUPUESTO.<\/li>\n<\/ul>\n<p>[\/vc_column_text][\/vc_column][vc_column width=&#8221;1\/2&#8243;][vc_column_text]<\/p>\n<ul>\n<li>RESOLUCIONES QUE DETERMINEN CR\u00c9DITOS FISCALES.<\/li>\n<li>ATENCI\u00d3N A DIVERSOS REQUERIMIENTOS.<\/li>\n<li>VISITAS ESPEC\u00cdFICAS (EMPRESAS SUSCEPTIBLES A ALGUNA AUDITOR\u00cdA).<\/li>\n<li>ACTOS DICTADOS DENTRO DEL PROCEDIMIENTO ADMINISTRATIVO DE EJECUCI\u00d3N (PAE).<\/li>\n<li>INMOVILIZACI\u00d3N DE CUENTAS BANCARIAS.<\/li>\n<li>AVISO DE REGISTRO DE OBRA DEL PROPIETARIO O CONTRATISTA.<\/li>\n<li>CAPITALES CONSTITUTIVOS.<\/li>\n<li>PRIMA DE RIESGO DE TRABAJO.<\/li>\n<li>SUSTITUCI\u00d3N PATRONAL.<\/li>\n<li>REPRESENTACI\u00d3N LEGAL EN GENERAL.<\/li>\n<li>INTERPOSICI\u00d3N DE MEDIOS DE DEFENSA: RECURSO ADMINISTRATIVO DE INCONFORMIDAD, JUICIO DE NULIDAD Y JUICIOS DE AMPARO.<\/li>\n<li>ACTOS DIVERSOS QUE CAUSEN AGRAVIO EN MATERIA DE SEGURIDAD SOCIAL.<\/li>\n<\/ul>\n<p>[\/vc_column_text][\/vc_column][\/vc_row]<\/p>\n","protected":false},"excerpt":{"rendered":"<p>[vc_row][vc_column width=&#8221;1\/2&#8243;][vc_single_image image=&#8221;791117&#8243;][\/vc_column][vc_column width=&#8221;1\/2&#8243;][vc_custom_heading text=&#8221;SEGURIDAD SOCIAL&#8221; font_container=&#8221;tag:h1|text_align:left|color:%2305354f&#8221; use_theme_fonts=&#8221;yes&#8221;][vc_separator color=&#8221;custom&#8221; align=&#8221;align_left&#8221; border_width=&#8221;5&#8243; el_width=&#8221;60&#8243; accent_color=&#8221;#dcba75&#8243; css=&#8221;.vc_custom_1608384353382{margin-top: -10px !important;}&#8221;][vc_column_text]Ofrecemos asesor\u00eda y defensa a las empresas en materia de seguridad social, espec\u00edficamente contra resoluciones, procedimientos o cualquier otro acto, que causen agravios en dicha materia, emitidas por el Instituto Mexicano del Seguro Social (IMSS) [&hellip;]<\/p>\n","protected":false},"author":1,"featured_media":0,"parent":0,"menu_order":0,"comment_status":"closed","ping_status":"closed","template":"","meta":{"footnotes":""},"class_list":["post-791056","page","type-page","status-publish","hentry"],"_links":{"self":[{"href":"https:\/\/barredesperalta.com\/index.php\/wp-json\/wp\/v2\/pages\/791056","targetHints":{"allow":["GET"]}}],"collection":[{"href":"https:\/\/barredesperalta.com\/index.php\/wp-json\/wp\/v2\/pages"}],"about":[{"href":"https:\/\/barredesperalta.com\/index.php\/wp-json\/wp\/v2\/types\/page"}],"author":[{"embeddable":true,"href":"https:\/\/barredesperalta.com\/index.php\/wp-json\/wp\/v2\/users\/1"}],"replies":[{"embeddable":true,"href":"https:\/\/barredesperalta.com\/index.php\/wp-json\/wp\/v2\/comments?post=791056"}],"version-history":[{"count":2,"href":"https:\/\/barredesperalta.com\/index.php\/wp-json\/wp\/v2\/pages\/791056\/revisions"}],"predecessor-version":[{"id":791118,"href":"https:\/\/barredesperalta.com\/index.php\/wp-json\/wp\/v2\/pages\/791056\/revisions\/791118"}],"wp:attachment":[{"href":"https:\/\/barredesperalta.com\/index.php\/wp-json\/wp\/v2\/media?parent=791056"}],"curies":[{"name":"wp","href":"https:\/\/api.w.org\/{rel}","templated":true}]}}