{"id":791058,"date":"2020-12-15T20:44:05","date_gmt":"2020-12-15T20:44:05","guid":{"rendered":"http:\/\/barredesperalta.com\/?page_id=791058"},"modified":"2020-12-19T13:44:54","modified_gmt":"2020-12-19T13:44:54","slug":"administrativo","status":"publish","type":"page","link":"https:\/\/barredesperalta.com\/index.php\/administrativo\/","title":{"rendered":"Administrativo"},"content":{"rendered":"<p>[vc_row][vc_column width=&#8221;1\/2&#8243;][vc_single_image image=&#8221;791116&#8243;][\/vc_column][vc_column width=&#8221;1\/2&#8243;][vc_custom_heading text=&#8221;ADMINISTRATIVO&#8221; font_container=&#8221;tag:h1|text_align:left|color:%2305354f&#8221; use_theme_fonts=&#8221;yes&#8221;][vc_separator color=&#8221;custom&#8221; align=&#8221;align_left&#8221; border_width=&#8221;5&#8243; el_width=&#8221;50&#8243; accent_color=&#8221;#dcba75&#8243; css=&#8221;.vc_custom_1608384998198{margin-top: -10px !important;}&#8221;][vc_column_text]<strong>Proporcionamos asesor\u00eda, defensa y representaci\u00f3n jur\u00eddica, ante resoluciones, procedimientos y <\/strong><strong>actos diversos emitidos por autoridades gubernamentales, que lesionen los derechos garantizados <\/strong><strong>por las leyes mexicanas y nuestra Constituci\u00f3n, afectando los intereses y patrimonio de nuestros <\/strong><strong>clientes. <\/strong>[\/vc_column_text][\/vc_column][\/vc_row][vc_row][vc_column][vc_custom_heading text=&#8221;NUESTROS SERVICIOS&#8221; font_container=&#8221;tag:h3|text_align:left|color:%2305354f&#8221; use_theme_fonts=&#8221;yes&#8221;][vc_separator color=&#8221;custom&#8221; align=&#8221;align_left&#8221; border_width=&#8221;5&#8243; el_width=&#8221;20&#8243; accent_color=&#8221;#dcba75&#8243; css=&#8221;.vc_custom_1608385307678{margin-top: -20px !important;}&#8221;][\/vc_column][\/vc_row][vc_row][vc_column width=&#8221;1\/2&#8243;][vc_column_text]<\/p>\n<ul>\n<li>ATENCI\u00d3N Y SEGUIMIENTO, HASTA SU CONCLUSI\u00d3N, A LOS PROCEDIMIENTOS ADMINISTRATIVOS (VISITAS DE VERIFICACI\u00d3N, INSPECCIONES, ETC\u00c9TERA) INSTAURADOS POR AUTORIDADES FEDERALES, ESTATALES O MUNICIPALES.<\/li>\n<li>MULTAS EMITIDAS POR AUTORIDADES GUBERNAMENTALES.<\/li>\n<li>RESPONSABILIDAD DE LOS SERVIDORES P\u00daBLICOS.<\/li>\n<li>TRAMITACI\u00d3N DE AUTORIZACIONES, LICENCIAS Y PERMISOS, ANTE DEPENDENCIAS FEDERALES, ESTATALES O MUNICIPALES.<\/li>\n<\/ul>\n<p>[\/vc_column_text][\/vc_column][vc_column width=&#8221;1\/2&#8243;][vc_column_text]<\/p>\n<ul>\n<li>REPRESENTACI\u00d3N LEGAL EN GENERAL.<\/li>\n<li>LITIGIO: INTERPOSICI\u00d3N DE RECURSOS ADMINISTRATIVOS ANTE LAS PROPIAS AUTORIDADES GUBERNAMENTALES; DEMANDAS ANTE TRIBUNALES CONTENCIOSOS ADMINISTRATIVOS LOCALES Y FEDERALES; JUICIOS DE AMPARO ANTE LAS DISTINTAS INSTANCIAS DE PODER JUDICIAL DE LA FEDERACI\u00d3N.<\/li>\n<li>ACTOS DIVERSOS QUE CAUSEN AGRAVIO EN MATERIA ADMINISTRATIVA.<\/li>\n<\/ul>\n<p>[\/vc_column_text][\/vc_column][\/vc_row]<\/p>\n","protected":false},"excerpt":{"rendered":"<p>[vc_row][vc_column width=&#8221;1\/2&#8243;][vc_single_image image=&#8221;791116&#8243;][\/vc_column][vc_column width=&#8221;1\/2&#8243;][vc_custom_heading text=&#8221;ADMINISTRATIVO&#8221; font_container=&#8221;tag:h1|text_align:left|color:%2305354f&#8221; use_theme_fonts=&#8221;yes&#8221;][vc_separator color=&#8221;custom&#8221; align=&#8221;align_left&#8221; border_width=&#8221;5&#8243; el_width=&#8221;50&#8243; accent_color=&#8221;#dcba75&#8243; css=&#8221;.vc_custom_1608384998198{margin-top: -10px !important;}&#8221;][vc_column_text]Proporcionamos asesor\u00eda, defensa y representaci\u00f3n jur\u00eddica, ante resoluciones, procedimientos y actos diversos emitidos por autoridades gubernamentales, que lesionen los derechos garantizados por las leyes mexicanas y nuestra Constituci\u00f3n, afectando los intereses y patrimonio de nuestros clientes. [&hellip;]<\/p>\n","protected":false},"author":1,"featured_media":0,"parent":0,"menu_order":0,"comment_status":"closed","ping_status":"closed","template":"","meta":{"footnotes":""},"class_list":["post-791058","page","type-page","status-publish","hentry"],"_links":{"self":[{"href":"https:\/\/barredesperalta.com\/index.php\/wp-json\/wp\/v2\/pages\/791058","targetHints":{"allow":["GET"]}}],"collection":[{"href":"https:\/\/barredesperalta.com\/index.php\/wp-json\/wp\/v2\/pages"}],"about":[{"href":"https:\/\/barredesperalta.com\/index.php\/wp-json\/wp\/v2\/types\/page"}],"author":[{"embeddable":true,"href":"https:\/\/barredesperalta.com\/index.php\/wp-json\/wp\/v2\/users\/1"}],"replies":[{"embeddable":true,"href":"https:\/\/barredesperalta.com\/index.php\/wp-json\/wp\/v2\/comments?post=791058"}],"version-history":[{"count":3,"href":"https:\/\/barredesperalta.com\/index.php\/wp-json\/wp\/v2\/pages\/791058\/revisions"}],"predecessor-version":[{"id":791121,"href":"https:\/\/barredesperalta.com\/index.php\/wp-json\/wp\/v2\/pages\/791058\/revisions\/791121"}],"wp:attachment":[{"href":"https:\/\/barredesperalta.com\/index.php\/wp-json\/wp\/v2\/media?parent=791058"}],"curies":[{"name":"wp","href":"https:\/\/api.w.org\/{rel}","templated":true}]}}